{"id":109,"date":"2024-05-25T12:57:21","date_gmt":"2024-05-25T10:57:21","guid":{"rendered":"https:\/\/bettyphotographe.com\/?page_id=109"},"modified":"2024-08-20T10:42:21","modified_gmt":"2024-08-20T08:42:21","slug":"accueil","status":"publish","type":"page","link":"https:\/\/bettyphotographe.com\/","title":{"rendered":"Accueil"},"content":{"rendered":"\t\t<div data-elementor-type=\"wp-page\" data-elementor-id=\"109\" class=\"elementor elementor-109\">\n\t\t\t\t<div class=\"elementor-element elementor-element-6993151 e-flex e-con-boxed e-con e-parent\" data-id=\"6993151\" data-element_type=\"container\">\n\t\t\t\t\t<div class=\"e-con-inner\">\n\t\t\t\t<div class=\"elementor-element elementor-element-7c4db2d elementor-widget elementor-widget-text-editor\" data-id=\"7c4db2d\" data-element_type=\"widget\" data-widget_type=\"text-editor.default\">\n\t\t\t\t<div class=\"elementor-widget-container\">\n\t\t\t<style>\/*! elementor - v3.23.0 - 05-08-2024 *\/\n.elementor-widget-text-editor.elementor-drop-cap-view-stacked .elementor-drop-cap{background-color:#69727d;color:#fff}.elementor-widget-text-editor.elementor-drop-cap-view-framed .elementor-drop-cap{color:#69727d;border:3px solid;background-color:transparent}.elementor-widget-text-editor:not(.elementor-drop-cap-view-default) .elementor-drop-cap{margin-top:8px}.elementor-widget-text-editor:not(.elementor-drop-cap-view-default) .elementor-drop-cap-letter{width:1em;height:1em}.elementor-widget-text-editor .elementor-drop-cap{float:left;text-align:center;line-height:1;font-size:50px}.elementor-widget-text-editor .elementor-drop-cap-letter{display:inline-block}<\/style>\t\t\t\t<p><span style=\"font-size: 30px;\">Je vous parle un peu de moi<\/span><\/p>\t\t\t\t\t\t<\/div>\n\t\t\t\t<\/div>\n\t\t\t\t\t<\/div>\n\t\t\t\t<\/div>\n\t\t<div class=\"elementor-element elementor-element-8043bb9 e-flex e-con-boxed e-con e-parent\" data-id=\"8043bb9\" data-element_type=\"container\">\n\t\t\t\t\t<div class=\"e-con-inner\">\n\t\t<div class=\"elementor-element elementor-element-0c996b2 e-con-full e-flex e-con e-child\" data-id=\"0c996b2\" data-element_type=\"container\">\n\t\t\t\t<div class=\"elementor-element elementor-element-8071867 elementor-widget elementor-widget-image\" data-id=\"8071867\" data-element_type=\"widget\" data-widget_type=\"image.default\">\n\t\t\t\t<div class=\"elementor-widget-container\">\n\t\t\t<style>\/*! elementor - v3.23.0 - 05-08-2024 *\/\n.elementor-widget-image{text-align:center}.elementor-widget-image a{display:inline-block}.elementor-widget-image a img[src$=\".svg\"]{width:48px}.elementor-widget-image img{vertical-align:middle;display:inline-block}<\/style>\t\t\t\t\t\t\t\t\t\t<img fetchpriority=\"high\" decoding=\"async\" width=\"640\" height=\"623\" src=\"https:\/\/bettyphotographe.com\/wp-content\/uploads\/2024\/08\/betty_accueil-1024x997.jpg\" class=\"attachment-large size-large wp-image-271\" alt=\"\" srcset=\"https:\/\/bettyphotographe.com\/wp-content\/uploads\/2024\/08\/betty_accueil-1024x997.jpg 1024w, https:\/\/bettyphotographe.com\/wp-content\/uploads\/2024\/08\/betty_accueil-300x292.jpg 300w, https:\/\/bettyphotographe.com\/wp-content\/uploads\/2024\/08\/betty_accueil-768x747.jpg 768w, https:\/\/bettyphotographe.com\/wp-content\/uploads\/2024\/08\/betty_accueil.jpg 1080w\" sizes=\"(max-width: 640px) 100vw, 640px\" \/>\t\t\t\t\t\t\t\t\t\t\t\t\t<\/div>\n\t\t\t\t<\/div>\n\t\t\t\t<div class=\"elementor-element elementor-element-55df233 elementor-widget elementor-widget-text-editor\" data-id=\"55df233\" data-element_type=\"widget\" data-widget_type=\"text-editor.default\">\n\t\t\t\t<div class=\"elementor-widget-container\">\n\t\t\t\t\t\t\t<p>Amoureuse inconditionnelle du noir et blanc, comme vous pourrez le constater par la majorit\u00e9 de mes clich\u00e9s, je me lance dans cette aventure avec &#8220;un peu&#8221; de retard sur mon planning de vie, que j&#8217;avais soigneusement planifi\u00e9 vers l&#8217;\u00e2ge de 10 ans.<\/p><p>Autodidacte, j&#8217;ai n\u00e9anmoins suivi plusieurs formations, afin de me remettre \u00e0 niveau.<br \/>Je travaille avec mon c\u0153ur, mon \u00e2me, mon instinct et surtout, avec passion.<\/p><p>J&#8217;aime l&#8217; authenticit\u00e9, l&#8217;humour, les animaux (surtout les chats), les ap\u00e9ros entre copines, la famille, la musique, les pizzas, les couchers de soleil, la plage et les personnes sinc\u00e8res\u2026 Je d\u00e9teste les brocolis, la violence, les karaok\u00e9s et l&#8217;injustice&#8230; Vous l&#8217;aurez compris : je suis une adepte des choses simples de la vie et de la bonne humeur.<\/p><p>J&#8217;aime faire les choses s\u00e9rieusement, sans pour autant me prendre au s\u00e9rieux. Mon petit truc en plus, c&#8217;est de mettre \u00e0 l&#8217;aise mes clients, il parait. Si ce n&#8217;est pas g\u00e9nial \u00e7a !<\/p><p>Pouss\u00e9e par des amis qui croient en moi, et par un \u00e9v\u00e9nement &#8220;spirituel&#8221; surprenant, je me sens enfin pr\u00eate \u00e0 vivre cette nouvelle vie avec passion.<\/p>\t\t\t\t\t\t<\/div>\n\t\t\t\t<\/div>\n\t\t\t\t<\/div>\n\t\t<div class=\"elementor-element elementor-element-b8260c5 e-con-full e-flex e-con e-child\" data-id=\"b8260c5\" data-element_type=\"container\">\n\t\t\t\t<div class=\"elementor-element elementor-element-e3a8703 elementor-widget elementor-widget-text-editor\" data-id=\"e3a8703\" data-element_type=\"widget\" data-widget_type=\"text-editor.default\">\n\t\t\t\t<div class=\"elementor-widget-container\">\n\t\t\t\t\t\t\t<p>&#8220;\u00catre photographe, c&#8217;est une fa\u00e7on singuli\u00e8re d&#8217;ouvrir les yeux une seconde fois.&#8221;<\/p><p>D&#8217;aussi loin que je me souvienne, j&#8217;ai toujours \u00e9t\u00e9 passionn\u00e9e par la photographie. Je me rappelle d&#8217;un voyage scolaire \u00e0 Rome : je devais avoir 12 ans, j&#8217;avais presque plus d&#8217;appareils photos jetables que de v\u00eatements dans ma valise&#8230;<\/p><p>C&#8217;est pour mon vingti\u00e8me anniversaire que l&#8217;on m&#8217;offre enfin mon &#8220;premier vrai appareil photo&#8221; : un argentique ! Malheureusement, je le d\u00e9laisserais peu de temps apr\u00e8s pour \u00eatre une maman \u00e0 plein temps&#8230; Trois ans plus tard, arrivera mon deuxi\u00e8me gar\u00e7on, puis la reprise du travail et la vie file \u00e0 toute vitesse\u2026<\/p><p>Cette passion photographique est toujours en moi, mais je lui accorde trop peu de place&#8230; Les ann\u00e9es passent, les enfants grandissent, et mon temps libre devient alors ainsi mon plus grand alli\u00e9 pour devenir ce que j&#8217;avais toujours r\u00eav\u00e9 d&#8217;\u00eatre&#8230; une photographe.<\/p>\t\t\t\t\t\t<\/div>\n\t\t\t\t<\/div>\n\t\t\t\t<div class=\"elementor-element elementor-element-cf0a55d elementor-widget elementor-widget-image\" data-id=\"cf0a55d\" data-element_type=\"widget\" data-widget_type=\"image.default\">\n\t\t\t\t<div class=\"elementor-widget-container\">\n\t\t\t\t\t\t\t\t\t\t\t\t\t<img decoding=\"async\" width=\"640\" height=\"782\" src=\"https:\/\/bettyphotographe.com\/wp-content\/uploads\/2024\/08\/Screenshot_20240818_105113_Facebook-838x1024.jpg\" class=\"attachment-large size-large wp-image-771\" alt=\"\" srcset=\"https:\/\/bettyphotographe.com\/wp-content\/uploads\/2024\/08\/Screenshot_20240818_105113_Facebook-838x1024.jpg 838w, https:\/\/bettyphotographe.com\/wp-content\/uploads\/2024\/08\/Screenshot_20240818_105113_Facebook-246x300.jpg 246w, https:\/\/bettyphotographe.com\/wp-content\/uploads\/2024\/08\/Screenshot_20240818_105113_Facebook-768x938.jpg 768w, https:\/\/bettyphotographe.com\/wp-content\/uploads\/2024\/08\/Screenshot_20240818_105113_Facebook.jpg 1080w\" sizes=\"(max-width: 640px) 100vw, 640px\" \/>\t\t\t\t\t\t\t\t\t\t\t\t\t<\/div>\n\t\t\t\t<\/div>\n\t\t\t\t<\/div>\n\t\t\t\t\t<\/div>\n\t\t\t\t<\/div>\n\t\t<div class=\"elementor-element elementor-element-60305bc e-flex e-con-boxed e-con e-parent\" data-id=\"60305bc\" data-element_type=\"container\">\n\t\t\t\t\t<div class=\"e-con-inner\">\n\t\t\t\t<div class=\"elementor-element elementor-element-36cb89f elementor-widget elementor-widget-text-editor\" data-id=\"36cb89f\" data-element_type=\"widget\" data-widget_type=\"text-editor.default\">\n\t\t\t\t<div class=\"elementor-widget-container\">\n\t\t\t\t\t\t\t<p>Betty Photographe<\/p>\t\t\t\t\t\t<\/div>\n\t\t\t\t<\/div>\n\t\t\t\t\t<\/div>\n\t\t\t\t<\/div>\n\t\t\t\t<\/div>\n\t\t","protected":false},"excerpt":{"rendered":"<p>Je vous parle un peu de moi Amoureuse inconditionnelle du noir et blanc, comme vous pourrez le constater par la&#8230;<\/p>\n","protected":false},"author":1,"featured_media":0,"parent":0,"menu_order":0,"comment_status":"closed","ping_status":"closed","template":"elementor_header_footer","meta":{"footnotes":""},"class_list":["post-109","page","type-page","status-publish","hentry"],"_links":{"self":[{"href":"https:\/\/bettyphotographe.com\/index.php\/wp-json\/wp\/v2\/pages\/109","targetHints":{"allow":["GET"]}}],"collection":[{"href":"https:\/\/bettyphotographe.com\/index.php\/wp-json\/wp\/v2\/pages"}],"about":[{"href":"https:\/\/bettyphotographe.com\/index.php\/wp-json\/wp\/v2\/types\/page"}],"author":[{"embeddable":true,"href":"https:\/\/bettyphotographe.com\/index.php\/wp-json\/wp\/v2\/users\/1"}],"replies":[{"embeddable":true,"href":"https:\/\/bettyphotographe.com\/index.php\/wp-json\/wp\/v2\/comments?post=109"}],"version-history":[{"count":113,"href":"https:\/\/bettyphotographe.com\/index.php\/wp-json\/wp\/v2\/pages\/109\/revisions"}],"predecessor-version":[{"id":821,"href":"https:\/\/bettyphotographe.com\/index.php\/wp-json\/wp\/v2\/pages\/109\/revisions\/821"}],"wp:attachment":[{"href":"https:\/\/bettyphotographe.com\/index.php\/wp-json\/wp\/v2\/media?parent=109"}],"curies":[{"name":"wp","href":"https:\/\/api.w.org\/{rel}","templated":true}]}}