{"id":775,"date":"2024-08-19T10:50:42","date_gmt":"2024-08-19T08:50:42","guid":{"rendered":"https:\/\/bettyphotographe.com\/?page_id=775"},"modified":"2024-08-20T10:45:24","modified_gmt":"2024-08-20T08:45:24","slug":"tarifs","status":"publish","type":"page","link":"https:\/\/bettyphotographe.com\/index.php\/tarifs\/","title":{"rendered":"Tarifs"},"content":{"rendered":"\t\t<div data-elementor-type=\"wp-page\" data-elementor-id=\"775\" class=\"elementor elementor-775\">\n\t\t\t\t<div class=\"elementor-element elementor-element-7f0c4d3 e-flex e-con-boxed e-con e-parent\" data-id=\"7f0c4d3\" data-element_type=\"container\">\n\t\t\t\t\t<div class=\"e-con-inner\">\n\t\t\t\t<div class=\"elementor-element elementor-element-da30e69 elementor-widget elementor-widget-spacer\" data-id=\"da30e69\" data-element_type=\"widget\" data-widget_type=\"spacer.default\">\n\t\t\t\t<div class=\"elementor-widget-container\">\n\t\t\t<style>\/*! elementor - v3.23.0 - 05-08-2024 *\/\n.elementor-column .elementor-spacer-inner{height:var(--spacer-size)}.e-con{--container-widget-width:100%}.e-con-inner>.elementor-widget-spacer,.e-con>.elementor-widget-spacer{width:var(--container-widget-width,var(--spacer-size));--align-self:var(--container-widget-align-self,initial);--flex-shrink:0}.e-con-inner>.elementor-widget-spacer>.elementor-widget-container,.e-con>.elementor-widget-spacer>.elementor-widget-container{height:100%;width:100%}.e-con-inner>.elementor-widget-spacer>.elementor-widget-container>.elementor-spacer,.e-con>.elementor-widget-spacer>.elementor-widget-container>.elementor-spacer{height:100%}.e-con-inner>.elementor-widget-spacer>.elementor-widget-container>.elementor-spacer>.elementor-spacer-inner,.e-con>.elementor-widget-spacer>.elementor-widget-container>.elementor-spacer>.elementor-spacer-inner{height:var(--container-widget-height,var(--spacer-size))}.e-con-inner>.elementor-widget-spacer.elementor-widget-empty,.e-con>.elementor-widget-spacer.elementor-widget-empty{position:relative;min-height:22px;min-width:22px}.e-con-inner>.elementor-widget-spacer.elementor-widget-empty .elementor-widget-empty-icon,.e-con>.elementor-widget-spacer.elementor-widget-empty .elementor-widget-empty-icon{position:absolute;top:0;bottom:0;left:0;right:0;margin:auto;padding:0;width:22px;height:22px}<\/style>\t\t<div class=\"elementor-spacer\">\n\t\t\t<div class=\"elementor-spacer-inner\"><\/div>\n\t\t<\/div>\n\t\t\t\t<\/div>\n\t\t\t\t<\/div>\n\t\t\t\t\t<\/div>\n\t\t\t\t<\/div>\n\t\t<div class=\"elementor-element elementor-element-1f6db3a e-flex e-con-boxed e-con e-parent\" data-id=\"1f6db3a\" data-element_type=\"container\">\n\t\t\t\t\t<div class=\"e-con-inner\">\n\t\t<div class=\"elementor-element elementor-element-43562fd e-con-full e-flex e-con e-child\" data-id=\"43562fd\" data-element_type=\"container\">\n\t\t\t\t<div class=\"elementor-element elementor-element-8e1fd71 elementor-widget elementor-widget-text-editor\" data-id=\"8e1fd71\" data-element_type=\"widget\" data-widget_type=\"text-editor.default\">\n\t\t\t\t<div class=\"elementor-widget-container\">\n\t\t\t<style>\/*! elementor - v3.23.0 - 05-08-2024 *\/\n.elementor-widget-text-editor.elementor-drop-cap-view-stacked .elementor-drop-cap{background-color:#69727d;color:#fff}.elementor-widget-text-editor.elementor-drop-cap-view-framed .elementor-drop-cap{color:#69727d;border:3px solid;background-color:transparent}.elementor-widget-text-editor:not(.elementor-drop-cap-view-default) .elementor-drop-cap{margin-top:8px}.elementor-widget-text-editor:not(.elementor-drop-cap-view-default) .elementor-drop-cap-letter{width:1em;height:1em}.elementor-widget-text-editor .elementor-drop-cap{float:left;text-align:center;line-height:1;font-size:50px}.elementor-widget-text-editor .elementor-drop-cap-letter{display:inline-block}<\/style>\t\t\t\t<p>Portrait (1 personne) : 150 <span class=\"LrzXr kno-fv wHYlTd z8gr9e\">\u20ac<\/span><\/p><p>Famille (5 personnes max) : 250 <span class=\"LrzXr kno-fv wHYlTd z8gr9e\">\u20ac<\/span><\/p><p>Boudoir (1 personne) : 150 <span class=\"LrzXr kno-fv wHYlTd z8gr9e\">\u20ac<\/span><\/p><p>Couple \/ amis : 200 <span class=\"LrzXr kno-fv wHYlTd z8gr9e\">\u20ac<\/span><\/p><p>Naissance (b\u00e9b\u00e9, parents et fratrie) : 200 <span class=\"LrzXr kno-fv wHYlTd z8gr9e\">\u20ac<\/span><\/p><p>Bapt\u00eames : 350 <span class=\"LrzXr kno-fv wHYlTd z8gr9e\">\u20ac<\/span> \/ \u00e0 d\u00e9finir selon nombres d&#8217;heure<\/p><p>Mariage : 800 <span class=\"LrzXr kno-fv wHYlTd z8gr9e\">\u20ac<\/span><\/p><p>Comit\u00e9 d&#8217;entreprise : \u00e0 d\u00e9finir selon nombres d&#8217;heure<\/p>\t\t\t\t\t\t<\/div>\n\t\t\t\t<\/div>\n\t\t\t\t<\/div>\n\t\t<div class=\"elementor-element elementor-element-d262f33 e-con-full e-flex e-con e-child\" data-id=\"d262f33\" data-element_type=\"container\">\n\t\t\t\t<div class=\"elementor-element elementor-element-0628705 elementor-widget elementor-widget-text-editor\" data-id=\"0628705\" data-element_type=\"widget\" data-widget_type=\"text-editor.default\">\n\t\t\t\t<div class=\"elementor-widget-container\">\n\t\t\t\t\t\t\t<p>\ud83d\udcf7 Shooting effectu\u00e9 dans le lieu de votre choix.<\/p><p>\ud83d\udcf7 Frais kilom\u00e9triques factur\u00e9s au del\u00e0 de 50 km.<\/p><p>\ud83d\udcf7 Les s\u00e9ances b\u00e9b\u00e9 se font au domicile des parents ou autre.<\/p><p>\ud83d\udcf7 Je ne fournis pas les v\u00eatements pour la s\u00e9ance, juste la d\u00e9coration.<\/p><p>\ud83d\udcf7 Merci de prendre vos dispositions pour avoir des photos originales.<\/p><p>\ud83d\udcf7 En cas de besoin sp\u00e9cifiques pour une s\u00e9ance, devis sur demande.<\/p>\t\t\t\t\t\t<\/div>\n\t\t\t\t<\/div>\n\t\t\t\t<\/div>\n\t\t\t\t\t<\/div>\n\t\t\t\t<\/div>\n\t\t<div class=\"elementor-element elementor-element-0122ec6 e-flex e-con-boxed e-con e-parent\" data-id=\"0122ec6\" data-element_type=\"container\">\n\t\t\t\t\t<div class=\"e-con-inner\">\n\t\t\t\t<div class=\"elementor-element elementor-element-da8930f elementor-widget elementor-widget-spacer\" data-id=\"da8930f\" data-element_type=\"widget\" data-widget_type=\"spacer.default\">\n\t\t\t\t<div class=\"elementor-widget-container\">\n\t\t\t\t\t<div class=\"elementor-spacer\">\n\t\t\t<div class=\"elementor-spacer-inner\"><\/div>\n\t\t<\/div>\n\t\t\t\t<\/div>\n\t\t\t\t<\/div>\n\t\t\t\t\t<\/div>\n\t\t\t\t<\/div>\n\t\t\t\t<\/div>\n\t\t","protected":false},"excerpt":{"rendered":"<p>Portrait (1 personne) : 150 \u20ac Famille (5 personnes max) : 250 \u20ac Boudoir (1 personne) : 150 \u20ac Couple&#8230;<\/p>\n","protected":false},"author":1,"featured_media":0,"parent":0,"menu_order":0,"comment_status":"closed","ping_status":"closed","template":"","meta":{"footnotes":""},"class_list":["post-775","page","type-page","status-publish","hentry"],"_links":{"self":[{"href":"https:\/\/bettyphotographe.com\/index.php\/wp-json\/wp\/v2\/pages\/775","targetHints":{"allow":["GET"]}}],"collection":[{"href":"https:\/\/bettyphotographe.com\/index.php\/wp-json\/wp\/v2\/pages"}],"about":[{"href":"https:\/\/bettyphotographe.com\/index.php\/wp-json\/wp\/v2\/types\/page"}],"author":[{"embeddable":true,"href":"https:\/\/bettyphotographe.com\/index.php\/wp-json\/wp\/v2\/users\/1"}],"replies":[{"embeddable":true,"href":"https:\/\/bettyphotographe.com\/index.php\/wp-json\/wp\/v2\/comments?post=775"}],"version-history":[{"count":13,"href":"https:\/\/bettyphotographe.com\/index.php\/wp-json\/wp\/v2\/pages\/775\/revisions"}],"predecessor-version":[{"id":824,"href":"https:\/\/bettyphotographe.com\/index.php\/wp-json\/wp\/v2\/pages\/775\/revisions\/824"}],"wp:attachment":[{"href":"https:\/\/bettyphotographe.com\/index.php\/wp-json\/wp\/v2\/media?parent=775"}],"curies":[{"name":"wp","href":"https:\/\/api.w.org\/{rel}","templated":true}]}}