{"id":86,"date":"2024-05-25T12:33:55","date_gmt":"2024-05-25T10:33:55","guid":{"rendered":"https:\/\/bettyphotographe.com\/?page_id=86"},"modified":"2024-08-17T20:09:32","modified_gmt":"2024-08-17T18:09:32","slug":"grossesse","status":"publish","type":"page","link":"https:\/\/bettyphotographe.com\/index.php\/grossesse\/","title":{"rendered":"Grossesse"},"content":{"rendered":"\t\t<div data-elementor-type=\"wp-page\" data-elementor-id=\"86\" class=\"elementor elementor-86\">\n\t\t\t\t<div class=\"elementor-element elementor-element-d679fb0 e-flex e-con-boxed e-con e-parent\" data-id=\"d679fb0\" data-element_type=\"container\">\n\t\t\t\t\t<div class=\"e-con-inner\">\n\t\t\t\t<div class=\"elementor-element elementor-element-dbe682c elementor-widget elementor-widget-text-editor\" data-id=\"dbe682c\" data-element_type=\"widget\" data-widget_type=\"text-editor.default\">\n\t\t\t\t<div class=\"elementor-widget-container\">\n\t\t\t<style>\/*! elementor - v3.23.0 - 05-08-2024 *\/\n.elementor-widget-text-editor.elementor-drop-cap-view-stacked .elementor-drop-cap{background-color:#69727d;color:#fff}.elementor-widget-text-editor.elementor-drop-cap-view-framed .elementor-drop-cap{color:#69727d;border:3px solid;background-color:transparent}.elementor-widget-text-editor:not(.elementor-drop-cap-view-default) .elementor-drop-cap{margin-top:8px}.elementor-widget-text-editor:not(.elementor-drop-cap-view-default) .elementor-drop-cap-letter{width:1em;height:1em}.elementor-widget-text-editor .elementor-drop-cap{float:left;text-align:center;line-height:1;font-size:50px}.elementor-widget-text-editor .elementor-drop-cap-letter{display:inline-block}<\/style>\t\t\t\t<p>Devenir maman.<\/p><p>Neuf mois de grossesse passe tr\u00e8s vite\u2026 Pourquoi ne pas profiter de votre maternit\u00e9 au travers d&#8217;une s\u00e9ance photo, qui mettra en valeur votre joli ventre arrondi ? Une belle id\u00e9e pour garder un souvenir de cette p\u00e9riode unique dans votre vie de femme.<\/p><p>Les clich\u00e9s mettent en lumi\u00e8re la gr\u00e2ce et la f\u00e9minit\u00e9 de la future maman. Faire grandir la vie \u00e0 l&#8217;int\u00e9rieur de son corps est un miracle. C&#8217;est un \u00e9v\u00e9nement \u00e0 c\u00e9l\u00e9brer.<\/p><p>Seule, avec votre partenaire ou avec la fratrie, voire tous ensemble, c&#8217;est le moment id\u00e9al pour capturer l&#8217;amour qui est \u00e0 l&#8217;origine de votre future famille.<\/p>\t\t\t\t\t\t<\/div>\n\t\t\t\t<\/div>\n\t\t\t\t\t<\/div>\n\t\t\t\t<\/div>\n\t\t<div class=\"elementor-element elementor-element-5986ab0 e-flex e-con-boxed e-con e-parent\" data-id=\"5986ab0\" data-element_type=\"container\">\n\t\t\t\t\t<div class=\"e-con-inner\">\n\t\t<div class=\"elementor-element elementor-element-19dce9f e-con-full e-flex e-con e-child\" data-id=\"19dce9f\" data-element_type=\"container\">\n\t\t\t\t<div class=\"elementor-element elementor-element-a7e86ae elementor-widget elementor-widget-image\" data-id=\"a7e86ae\" data-element_type=\"widget\" data-widget_type=\"image.default\">\n\t\t\t\t<div class=\"elementor-widget-container\">\n\t\t\t<style>\/*! elementor - v3.23.0 - 05-08-2024 *\/\n.elementor-widget-image{text-align:center}.elementor-widget-image a{display:inline-block}.elementor-widget-image a img[src$=\".svg\"]{width:48px}.elementor-widget-image img{vertical-align:middle;display:inline-block}<\/style>\t\t\t\t\t\t\t\t\t\t<img fetchpriority=\"high\" decoding=\"async\" width=\"640\" height=\"761\" src=\"https:\/\/bettyphotographe.com\/wp-content\/uploads\/2024\/08\/Screenshot_20240523_125058_Facebook-861x1024.jpg\" class=\"attachment-large size-large wp-image-504\" alt=\"\" srcset=\"https:\/\/bettyphotographe.com\/wp-content\/uploads\/2024\/08\/Screenshot_20240523_125058_Facebook-861x1024.jpg 861w, https:\/\/bettyphotographe.com\/wp-content\/uploads\/2024\/08\/Screenshot_20240523_125058_Facebook-252x300.jpg 252w, https:\/\/bettyphotographe.com\/wp-content\/uploads\/2024\/08\/Screenshot_20240523_125058_Facebook-768x914.jpg 768w, https:\/\/bettyphotographe.com\/wp-content\/uploads\/2024\/08\/Screenshot_20240523_125058_Facebook.jpg 1080w\" sizes=\"(max-width: 640px) 100vw, 640px\" \/>\t\t\t\t\t\t\t\t\t\t\t\t\t<\/div>\n\t\t\t\t<\/div>\n\t\t\t\t<div class=\"elementor-element elementor-element-79b2360 elementor-widget elementor-widget-image\" data-id=\"79b2360\" data-element_type=\"widget\" data-widget_type=\"image.default\">\n\t\t\t\t<div class=\"elementor-widget-container\">\n\t\t\t\t\t\t\t\t\t\t\t\t\t<img decoding=\"async\" width=\"640\" height=\"919\" src=\"https:\/\/bettyphotographe.com\/wp-content\/uploads\/2024\/08\/Screenshot_20240523_125048_Facebook-713x1024.jpg\" class=\"attachment-large size-large wp-image-503\" alt=\"\" srcset=\"https:\/\/bettyphotographe.com\/wp-content\/uploads\/2024\/08\/Screenshot_20240523_125048_Facebook-713x1024.jpg 713w, https:\/\/bettyphotographe.com\/wp-content\/uploads\/2024\/08\/Screenshot_20240523_125048_Facebook-209x300.jpg 209w, https:\/\/bettyphotographe.com\/wp-content\/uploads\/2024\/08\/Screenshot_20240523_125048_Facebook-768x1103.jpg 768w, https:\/\/bettyphotographe.com\/wp-content\/uploads\/2024\/08\/Screenshot_20240523_125048_Facebook-1070x1536.jpg 1070w, https:\/\/bettyphotographe.com\/wp-content\/uploads\/2024\/08\/Screenshot_20240523_125048_Facebook.jpg 1080w\" sizes=\"(max-width: 640px) 100vw, 640px\" \/>\t\t\t\t\t\t\t\t\t\t\t\t\t<\/div>\n\t\t\t\t<\/div>\n\t\t\t\t<\/div>\n\t\t<div class=\"elementor-element elementor-element-67f4089 e-con-full e-flex e-con e-child\" data-id=\"67f4089\" data-element_type=\"container\">\n\t\t\t\t<div class=\"elementor-element elementor-element-49bc159 elementor-widget elementor-widget-image\" data-id=\"49bc159\" data-element_type=\"widget\" data-widget_type=\"image.default\">\n\t\t\t\t<div class=\"elementor-widget-container\">\n\t\t\t\t\t\t\t\t\t\t\t\t\t<img decoding=\"async\" width=\"640\" height=\"837\" src=\"https:\/\/bettyphotographe.com\/wp-content\/uploads\/2024\/08\/Screenshot_20240523_120800_Facebook-783x1024.jpg\" class=\"attachment-large size-large wp-image-498\" alt=\"\" srcset=\"https:\/\/bettyphotographe.com\/wp-content\/uploads\/2024\/08\/Screenshot_20240523_120800_Facebook-783x1024.jpg 783w, https:\/\/bettyphotographe.com\/wp-content\/uploads\/2024\/08\/Screenshot_20240523_120800_Facebook-229x300.jpg 229w, https:\/\/bettyphotographe.com\/wp-content\/uploads\/2024\/08\/Screenshot_20240523_120800_Facebook-768x1005.jpg 768w, https:\/\/bettyphotographe.com\/wp-content\/uploads\/2024\/08\/Screenshot_20240523_120800_Facebook.jpg 1080w\" sizes=\"(max-width: 640px) 100vw, 640px\" \/>\t\t\t\t\t\t\t\t\t\t\t\t\t<\/div>\n\t\t\t\t<\/div>\n\t\t\t\t<div class=\"elementor-element elementor-element-3f1036e elementor-widget elementor-widget-image\" data-id=\"3f1036e\" data-element_type=\"widget\" data-widget_type=\"image.default\">\n\t\t\t\t<div class=\"elementor-widget-container\">\n\t\t\t\t\t\t\t\t\t\t\t\t\t<img loading=\"lazy\" decoding=\"async\" width=\"640\" height=\"836\" src=\"https:\/\/bettyphotographe.com\/wp-content\/uploads\/2024\/08\/Screenshot_20240523_120804_Facebook-784x1024.jpg\" class=\"attachment-large size-large wp-image-499\" alt=\"\" srcset=\"https:\/\/bettyphotographe.com\/wp-content\/uploads\/2024\/08\/Screenshot_20240523_120804_Facebook-784x1024.jpg 784w, https:\/\/bettyphotographe.com\/wp-content\/uploads\/2024\/08\/Screenshot_20240523_120804_Facebook-230x300.jpg 230w, https:\/\/bettyphotographe.com\/wp-content\/uploads\/2024\/08\/Screenshot_20240523_120804_Facebook-768x1003.jpg 768w, https:\/\/bettyphotographe.com\/wp-content\/uploads\/2024\/08\/Screenshot_20240523_120804_Facebook.jpg 1080w\" sizes=\"(max-width: 640px) 100vw, 640px\" \/>\t\t\t\t\t\t\t\t\t\t\t\t\t<\/div>\n\t\t\t\t<\/div>\n\t\t\t\t<\/div>\n\t\t<div class=\"elementor-element elementor-element-506487f e-con-full e-flex e-con e-child\" data-id=\"506487f\" data-element_type=\"container\">\n\t\t\t\t<div class=\"elementor-element elementor-element-7c01136 elementor-widget elementor-widget-image\" data-id=\"7c01136\" data-element_type=\"widget\" data-widget_type=\"image.default\">\n\t\t\t\t<div class=\"elementor-widget-container\">\n\t\t\t\t\t\t\t\t\t\t\t\t\t<img loading=\"lazy\" decoding=\"async\" width=\"640\" height=\"566\" src=\"https:\/\/bettyphotographe.com\/wp-content\/uploads\/2024\/08\/Screenshot_20240523_125012_Facebook-1024x905.jpg\" class=\"attachment-large size-large wp-image-500\" alt=\"\" srcset=\"https:\/\/bettyphotographe.com\/wp-content\/uploads\/2024\/08\/Screenshot_20240523_125012_Facebook-1024x905.jpg 1024w, https:\/\/bettyphotographe.com\/wp-content\/uploads\/2024\/08\/Screenshot_20240523_125012_Facebook-300x265.jpg 300w, https:\/\/bettyphotographe.com\/wp-content\/uploads\/2024\/08\/Screenshot_20240523_125012_Facebook-768x679.jpg 768w, https:\/\/bettyphotographe.com\/wp-content\/uploads\/2024\/08\/Screenshot_20240523_125012_Facebook.jpg 1080w\" sizes=\"(max-width: 640px) 100vw, 640px\" \/>\t\t\t\t\t\t\t\t\t\t\t\t\t<\/div>\n\t\t\t\t<\/div>\n\t\t\t\t<div class=\"elementor-element elementor-element-b125f7c elementor-widget elementor-widget-image\" data-id=\"b125f7c\" data-element_type=\"widget\" data-widget_type=\"image.default\">\n\t\t\t\t<div class=\"elementor-widget-container\">\n\t\t\t\t\t\t\t\t\t\t\t\t\t<img loading=\"lazy\" decoding=\"async\" width=\"640\" height=\"750\" src=\"https:\/\/bettyphotographe.com\/wp-content\/uploads\/2024\/08\/Screenshot_20240523_125019_Facebook-874x1024.jpg\" class=\"attachment-large size-large wp-image-501\" alt=\"\" srcset=\"https:\/\/bettyphotographe.com\/wp-content\/uploads\/2024\/08\/Screenshot_20240523_125019_Facebook-874x1024.jpg 874w, https:\/\/bettyphotographe.com\/wp-content\/uploads\/2024\/08\/Screenshot_20240523_125019_Facebook-256x300.jpg 256w, https:\/\/bettyphotographe.com\/wp-content\/uploads\/2024\/08\/Screenshot_20240523_125019_Facebook-768x900.jpg 768w, https:\/\/bettyphotographe.com\/wp-content\/uploads\/2024\/08\/Screenshot_20240523_125019_Facebook.jpg 1080w\" sizes=\"(max-width: 640px) 100vw, 640px\" \/>\t\t\t\t\t\t\t\t\t\t\t\t\t<\/div>\n\t\t\t\t<\/div>\n\t\t\t\t<\/div>\n\t\t\t\t\t<\/div>\n\t\t\t\t<\/div>\n\t\t\t\t<\/div>\n\t\t","protected":false},"excerpt":{"rendered":"<p>Devenir maman. Neuf mois de grossesse passe tr\u00e8s vite\u2026 Pourquoi ne pas profiter de votre maternit\u00e9 au travers d&#8217;une s\u00e9ance&#8230;<\/p>\n","protected":false},"author":1,"featured_media":0,"parent":0,"menu_order":0,"comment_status":"closed","ping_status":"closed","template":"","meta":{"footnotes":""},"class_list":["post-86","page","type-page","status-publish","hentry"],"_links":{"self":[{"href":"https:\/\/bettyphotographe.com\/index.php\/wp-json\/wp\/v2\/pages\/86","targetHints":{"allow":["GET"]}}],"collection":[{"href":"https:\/\/bettyphotographe.com\/index.php\/wp-json\/wp\/v2\/pages"}],"about":[{"href":"https:\/\/bettyphotographe.com\/index.php\/wp-json\/wp\/v2\/types\/page"}],"author":[{"embeddable":true,"href":"https:\/\/bettyphotographe.com\/index.php\/wp-json\/wp\/v2\/users\/1"}],"replies":[{"embeddable":true,"href":"https:\/\/bettyphotographe.com\/index.php\/wp-json\/wp\/v2\/comments?post=86"}],"version-history":[{"count":13,"href":"https:\/\/bettyphotographe.com\/index.php\/wp-json\/wp\/v2\/pages\/86\/revisions"}],"predecessor-version":[{"id":689,"href":"https:\/\/bettyphotographe.com\/index.php\/wp-json\/wp\/v2\/pages\/86\/revisions\/689"}],"wp:attachment":[{"href":"https:\/\/bettyphotographe.com\/index.php\/wp-json\/wp\/v2\/media?parent=86"}],"curies":[{"name":"wp","href":"https:\/\/api.w.org\/{rel}","templated":true}]}}