{"id":88,"date":"2024-05-25T12:34:06","date_gmt":"2024-05-25T10:34:06","guid":{"rendered":"https:\/\/bettyphotographe.com\/?page_id=88"},"modified":"2024-08-17T20:18:02","modified_gmt":"2024-08-17T18:18:02","slug":"bapteme","status":"publish","type":"page","link":"https:\/\/bettyphotographe.com\/index.php\/bapteme\/","title":{"rendered":"Bapt\u00eame"},"content":{"rendered":"\t\t<div data-elementor-type=\"wp-page\" data-elementor-id=\"88\" class=\"elementor elementor-88\">\n\t\t\t\t<div class=\"elementor-element elementor-element-b82b75a e-flex e-con-boxed e-con e-parent\" data-id=\"b82b75a\" data-element_type=\"container\">\n\t\t\t\t\t<div class=\"e-con-inner\">\n\t\t\t\t<div class=\"elementor-element elementor-element-b2ff2a6 elementor-widget elementor-widget-text-editor\" data-id=\"b2ff2a6\" data-element_type=\"widget\" data-widget_type=\"text-editor.default\">\n\t\t\t\t<div class=\"elementor-widget-container\">\n\t\t\t<style>\/*! elementor - v3.23.0 - 05-08-2024 *\/\n.elementor-widget-text-editor.elementor-drop-cap-view-stacked .elementor-drop-cap{background-color:#69727d;color:#fff}.elementor-widget-text-editor.elementor-drop-cap-view-framed .elementor-drop-cap{color:#69727d;border:3px solid;background-color:transparent}.elementor-widget-text-editor:not(.elementor-drop-cap-view-default) .elementor-drop-cap{margin-top:8px}.elementor-widget-text-editor:not(.elementor-drop-cap-view-default) .elementor-drop-cap-letter{width:1em;height:1em}.elementor-widget-text-editor .elementor-drop-cap{float:left;text-align:center;line-height:1;font-size:50px}.elementor-widget-text-editor .elementor-drop-cap-letter{display:inline-block}<\/style>\t\t\t\t<p>Une journ\u00e9e unique pour vous !<\/p><p>La naissance de votre enfant a enfin eu lieu, ou approche \u00e0 grand pas. Certaines personnes pr\u00e9f\u00e9reront baptiser leur enfant dans les premiers jours, d&#8217;autres plus tard.\u00a0<\/p><p>Une belle occasion de r\u00e9unir toute la famille pour immortaliser ce beau moment. Ce sera, de plus, un magnifique t\u00e9moignage qu\u2019appr\u00e9ciera votre enfant quand il sera plus grand.\u00a0<\/p>\t\t\t\t\t\t<\/div>\n\t\t\t\t<\/div>\n\t\t\t\t\t<\/div>\n\t\t\t\t<\/div>\n\t\t<div class=\"elementor-element elementor-element-d8d1ba9 e-flex e-con-boxed e-con e-parent\" data-id=\"d8d1ba9\" data-element_type=\"container\">\n\t\t\t\t\t<div class=\"e-con-inner\">\n\t\t<div class=\"elementor-element elementor-element-861cf08 e-con-full e-flex e-con e-child\" data-id=\"861cf08\" data-element_type=\"container\">\n\t\t\t\t<div class=\"elementor-element elementor-element-3421171 elementor-widget elementor-widget-image\" data-id=\"3421171\" data-element_type=\"widget\" data-widget_type=\"image.default\">\n\t\t\t\t<div class=\"elementor-widget-container\">\n\t\t\t<style>\/*! elementor - v3.23.0 - 05-08-2024 *\/\n.elementor-widget-image{text-align:center}.elementor-widget-image a{display:inline-block}.elementor-widget-image a img[src$=\".svg\"]{width:48px}.elementor-widget-image img{vertical-align:middle;display:inline-block}<\/style>\t\t\t\t\t\t\t\t\t\t<img fetchpriority=\"high\" decoding=\"async\" width=\"640\" height=\"427\" src=\"https:\/\/bettyphotographe.com\/wp-content\/uploads\/2024\/08\/IMG_7146-1024x683.jpg\" class=\"attachment-large size-large wp-image-690\" alt=\"\" srcset=\"https:\/\/bettyphotographe.com\/wp-content\/uploads\/2024\/08\/IMG_7146-1024x683.jpg 1024w, https:\/\/bettyphotographe.com\/wp-content\/uploads\/2024\/08\/IMG_7146-300x200.jpg 300w, https:\/\/bettyphotographe.com\/wp-content\/uploads\/2024\/08\/IMG_7146-768x512.jpg 768w, https:\/\/bettyphotographe.com\/wp-content\/uploads\/2024\/08\/IMG_7146-1536x1024.jpg 1536w, https:\/\/bettyphotographe.com\/wp-content\/uploads\/2024\/08\/IMG_7146-2048x1365.jpg 2048w\" sizes=\"(max-width: 640px) 100vw, 640px\" \/>\t\t\t\t\t\t\t\t\t\t\t\t\t<\/div>\n\t\t\t\t<\/div>\n\t\t\t\t<div class=\"elementor-element elementor-element-86cef8f elementor-widget elementor-widget-image\" data-id=\"86cef8f\" data-element_type=\"widget\" data-widget_type=\"image.default\">\n\t\t\t\t<div class=\"elementor-widget-container\">\n\t\t\t\t\t\t\t\t\t\t\t\t\t<img decoding=\"async\" width=\"640\" height=\"427\" src=\"https:\/\/bettyphotographe.com\/wp-content\/uploads\/2024\/08\/IMG_7015-1024x683.jpg\" class=\"attachment-large size-large wp-image-693\" alt=\"\" srcset=\"https:\/\/bettyphotographe.com\/wp-content\/uploads\/2024\/08\/IMG_7015-1024x683.jpg 1024w, https:\/\/bettyphotographe.com\/wp-content\/uploads\/2024\/08\/IMG_7015-300x200.jpg 300w, https:\/\/bettyphotographe.com\/wp-content\/uploads\/2024\/08\/IMG_7015-768x512.jpg 768w, https:\/\/bettyphotographe.com\/wp-content\/uploads\/2024\/08\/IMG_7015-1536x1024.jpg 1536w, https:\/\/bettyphotographe.com\/wp-content\/uploads\/2024\/08\/IMG_7015-2048x1365.jpg 2048w\" sizes=\"(max-width: 640px) 100vw, 640px\" \/>\t\t\t\t\t\t\t\t\t\t\t\t\t<\/div>\n\t\t\t\t<\/div>\n\t\t\t\t<div class=\"elementor-element elementor-element-654fb95 elementor-widget elementor-widget-image\" data-id=\"654fb95\" data-element_type=\"widget\" data-widget_type=\"image.default\">\n\t\t\t\t<div class=\"elementor-widget-container\">\n\t\t\t\t\t\t\t\t\t\t\t\t\t<img decoding=\"async\" width=\"640\" height=\"427\" src=\"https:\/\/bettyphotographe.com\/wp-content\/uploads\/2024\/08\/IMG_6997-1-1024x683.jpg\" class=\"attachment-large size-large wp-image-697\" alt=\"\" srcset=\"https:\/\/bettyphotographe.com\/wp-content\/uploads\/2024\/08\/IMG_6997-1-1024x683.jpg 1024w, https:\/\/bettyphotographe.com\/wp-content\/uploads\/2024\/08\/IMG_6997-1-300x200.jpg 300w, https:\/\/bettyphotographe.com\/wp-content\/uploads\/2024\/08\/IMG_6997-1-768x512.jpg 768w, https:\/\/bettyphotographe.com\/wp-content\/uploads\/2024\/08\/IMG_6997-1-1536x1024.jpg 1536w, https:\/\/bettyphotographe.com\/wp-content\/uploads\/2024\/08\/IMG_6997-1-2048x1365.jpg 2048w\" sizes=\"(max-width: 640px) 100vw, 640px\" \/>\t\t\t\t\t\t\t\t\t\t\t\t\t<\/div>\n\t\t\t\t<\/div>\n\t\t\t\t<div class=\"elementor-element elementor-element-139be51 elementor-widget elementor-widget-image\" data-id=\"139be51\" data-element_type=\"widget\" data-widget_type=\"image.default\">\n\t\t\t\t<div class=\"elementor-widget-container\">\n\t\t\t\t\t\t\t\t\t\t\t\t\t<img loading=\"lazy\" decoding=\"async\" width=\"640\" height=\"427\" src=\"https:\/\/bettyphotographe.com\/wp-content\/uploads\/2024\/08\/IMG_6958-1024x683.jpg\" class=\"attachment-large size-large wp-image-699\" alt=\"\" srcset=\"https:\/\/bettyphotographe.com\/wp-content\/uploads\/2024\/08\/IMG_6958-1024x683.jpg 1024w, https:\/\/bettyphotographe.com\/wp-content\/uploads\/2024\/08\/IMG_6958-300x200.jpg 300w, https:\/\/bettyphotographe.com\/wp-content\/uploads\/2024\/08\/IMG_6958-768x512.jpg 768w, https:\/\/bettyphotographe.com\/wp-content\/uploads\/2024\/08\/IMG_6958-1536x1024.jpg 1536w, https:\/\/bettyphotographe.com\/wp-content\/uploads\/2024\/08\/IMG_6958-2048x1365.jpg 2048w\" sizes=\"(max-width: 640px) 100vw, 640px\" \/>\t\t\t\t\t\t\t\t\t\t\t\t\t<\/div>\n\t\t\t\t<\/div>\n\t\t\t\t<\/div>\n\t\t<div class=\"elementor-element elementor-element-8098aa6 e-con-full e-flex e-con e-child\" data-id=\"8098aa6\" data-element_type=\"container\">\n\t\t\t\t<div class=\"elementor-element elementor-element-6b5e668 elementor-widget elementor-widget-image\" data-id=\"6b5e668\" data-element_type=\"widget\" data-widget_type=\"image.default\">\n\t\t\t\t<div class=\"elementor-widget-container\">\n\t\t\t\t\t\t\t\t\t\t\t\t\t<img loading=\"lazy\" decoding=\"async\" width=\"640\" height=\"413\" src=\"https:\/\/bettyphotographe.com\/wp-content\/uploads\/2024\/08\/IMG_7076-1024x661.jpg\" class=\"attachment-large size-large wp-image-691\" alt=\"\" srcset=\"https:\/\/bettyphotographe.com\/wp-content\/uploads\/2024\/08\/IMG_7076-1024x661.jpg 1024w, https:\/\/bettyphotographe.com\/wp-content\/uploads\/2024\/08\/IMG_7076-300x194.jpg 300w, https:\/\/bettyphotographe.com\/wp-content\/uploads\/2024\/08\/IMG_7076-768x496.jpg 768w, https:\/\/bettyphotographe.com\/wp-content\/uploads\/2024\/08\/IMG_7076-1536x991.jpg 1536w, https:\/\/bettyphotographe.com\/wp-content\/uploads\/2024\/08\/IMG_7076-2048x1322.jpg 2048w\" sizes=\"(max-width: 640px) 100vw, 640px\" \/>\t\t\t\t\t\t\t\t\t\t\t\t\t<\/div>\n\t\t\t\t<\/div>\n\t\t\t\t<div class=\"elementor-element elementor-element-4033e6d elementor-widget elementor-widget-image\" data-id=\"4033e6d\" data-element_type=\"widget\" data-widget_type=\"image.default\">\n\t\t\t\t<div class=\"elementor-widget-container\">\n\t\t\t\t\t\t\t\t\t\t\t\t\t<img loading=\"lazy\" decoding=\"async\" width=\"640\" height=\"427\" src=\"https:\/\/bettyphotographe.com\/wp-content\/uploads\/2024\/08\/IMG_7006-1024x683.jpg\" class=\"attachment-large size-large wp-image-696\" alt=\"\" srcset=\"https:\/\/bettyphotographe.com\/wp-content\/uploads\/2024\/08\/IMG_7006-1024x683.jpg 1024w, https:\/\/bettyphotographe.com\/wp-content\/uploads\/2024\/08\/IMG_7006-300x200.jpg 300w, https:\/\/bettyphotographe.com\/wp-content\/uploads\/2024\/08\/IMG_7006-768x512.jpg 768w, https:\/\/bettyphotographe.com\/wp-content\/uploads\/2024\/08\/IMG_7006-1536x1024.jpg 1536w, https:\/\/bettyphotographe.com\/wp-content\/uploads\/2024\/08\/IMG_7006-2048x1365.jpg 2048w\" sizes=\"(max-width: 640px) 100vw, 640px\" \/>\t\t\t\t\t\t\t\t\t\t\t\t\t<\/div>\n\t\t\t\t<\/div>\n\t\t\t\t<div class=\"elementor-element elementor-element-d8af010 elementor-widget elementor-widget-image\" data-id=\"d8af010\" data-element_type=\"widget\" data-widget_type=\"image.default\">\n\t\t\t\t<div class=\"elementor-widget-container\">\n\t\t\t\t\t\t\t\t\t\t\t\t\t<img loading=\"lazy\" decoding=\"async\" width=\"640\" height=\"427\" src=\"https:\/\/bettyphotographe.com\/wp-content\/uploads\/2024\/08\/IMG_6911-1024x683.jpg\" class=\"attachment-large size-large wp-image-700\" alt=\"\" srcset=\"https:\/\/bettyphotographe.com\/wp-content\/uploads\/2024\/08\/IMG_6911-1024x683.jpg 1024w, https:\/\/bettyphotographe.com\/wp-content\/uploads\/2024\/08\/IMG_6911-300x200.jpg 300w, https:\/\/bettyphotographe.com\/wp-content\/uploads\/2024\/08\/IMG_6911-768x512.jpg 768w, https:\/\/bettyphotographe.com\/wp-content\/uploads\/2024\/08\/IMG_6911-1536x1024.jpg 1536w, https:\/\/bettyphotographe.com\/wp-content\/uploads\/2024\/08\/IMG_6911-2048x1365.jpg 2048w\" sizes=\"(max-width: 640px) 100vw, 640px\" \/>\t\t\t\t\t\t\t\t\t\t\t\t\t<\/div>\n\t\t\t\t<\/div>\n\t\t\t\t<\/div>\n\t\t<div class=\"elementor-element elementor-element-ae8302f e-con-full e-flex e-con e-child\" data-id=\"ae8302f\" data-element_type=\"container\">\n\t\t\t\t<div class=\"elementor-element elementor-element-ccc75ff elementor-widget elementor-widget-image\" data-id=\"ccc75ff\" data-element_type=\"widget\" data-widget_type=\"image.default\">\n\t\t\t\t<div class=\"elementor-widget-container\">\n\t\t\t\t\t\t\t\t\t\t\t\t\t<img loading=\"lazy\" decoding=\"async\" width=\"640\" height=\"427\" src=\"https:\/\/bettyphotographe.com\/wp-content\/uploads\/2024\/08\/IMG_7027-1024x683.jpg\" class=\"attachment-large size-large wp-image-692\" alt=\"\" srcset=\"https:\/\/bettyphotographe.com\/wp-content\/uploads\/2024\/08\/IMG_7027-1024x683.jpg 1024w, https:\/\/bettyphotographe.com\/wp-content\/uploads\/2024\/08\/IMG_7027-300x200.jpg 300w, https:\/\/bettyphotographe.com\/wp-content\/uploads\/2024\/08\/IMG_7027-768x512.jpg 768w, https:\/\/bettyphotographe.com\/wp-content\/uploads\/2024\/08\/IMG_7027-1536x1024.jpg 1536w, https:\/\/bettyphotographe.com\/wp-content\/uploads\/2024\/08\/IMG_7027-2048x1365.jpg 2048w\" sizes=\"(max-width: 640px) 100vw, 640px\" \/>\t\t\t\t\t\t\t\t\t\t\t\t\t<\/div>\n\t\t\t\t<\/div>\n\t\t\t\t<div class=\"elementor-element elementor-element-bdc7a95 elementor-widget elementor-widget-image\" data-id=\"bdc7a95\" data-element_type=\"widget\" data-widget_type=\"image.default\">\n\t\t\t\t<div class=\"elementor-widget-container\">\n\t\t\t\t\t\t\t\t\t\t\t\t\t<img loading=\"lazy\" decoding=\"async\" width=\"640\" height=\"427\" src=\"https:\/\/bettyphotographe.com\/wp-content\/uploads\/2024\/08\/IMG_7008-1024x683.jpg\" class=\"attachment-large size-large wp-image-695\" alt=\"\" srcset=\"https:\/\/bettyphotographe.com\/wp-content\/uploads\/2024\/08\/IMG_7008-1024x683.jpg 1024w, https:\/\/bettyphotographe.com\/wp-content\/uploads\/2024\/08\/IMG_7008-300x200.jpg 300w, https:\/\/bettyphotographe.com\/wp-content\/uploads\/2024\/08\/IMG_7008-768x512.jpg 768w, https:\/\/bettyphotographe.com\/wp-content\/uploads\/2024\/08\/IMG_7008-1536x1024.jpg 1536w, https:\/\/bettyphotographe.com\/wp-content\/uploads\/2024\/08\/IMG_7008-2048x1365.jpg 2048w\" sizes=\"(max-width: 640px) 100vw, 640px\" \/>\t\t\t\t\t\t\t\t\t\t\t\t\t<\/div>\n\t\t\t\t<\/div>\n\t\t\t\t<div class=\"elementor-element elementor-element-e9d5a77 elementor-widget elementor-widget-image\" data-id=\"e9d5a77\" data-element_type=\"widget\" data-widget_type=\"image.default\">\n\t\t\t\t<div class=\"elementor-widget-container\">\n\t\t\t\t\t\t\t\t\t\t\t\t\t<img loading=\"lazy\" decoding=\"async\" width=\"640\" height=\"427\" src=\"https:\/\/bettyphotographe.com\/wp-content\/uploads\/2024\/08\/IMG_6987-1024x683.jpg\" class=\"attachment-large size-large wp-image-698\" alt=\"\" srcset=\"https:\/\/bettyphotographe.com\/wp-content\/uploads\/2024\/08\/IMG_6987-1024x683.jpg 1024w, https:\/\/bettyphotographe.com\/wp-content\/uploads\/2024\/08\/IMG_6987-300x200.jpg 300w, https:\/\/bettyphotographe.com\/wp-content\/uploads\/2024\/08\/IMG_6987-768x512.jpg 768w, https:\/\/bettyphotographe.com\/wp-content\/uploads\/2024\/08\/IMG_6987-1536x1024.jpg 1536w, https:\/\/bettyphotographe.com\/wp-content\/uploads\/2024\/08\/IMG_6987-2048x1365.jpg 2048w\" sizes=\"(max-width: 640px) 100vw, 640px\" \/>\t\t\t\t\t\t\t\t\t\t\t\t\t<\/div>\n\t\t\t\t<\/div>\n\t\t\t\t<div class=\"elementor-element elementor-element-97295c1 elementor-widget elementor-widget-image\" data-id=\"97295c1\" data-element_type=\"widget\" data-widget_type=\"image.default\">\n\t\t\t\t<div class=\"elementor-widget-container\">\n\t\t\t\t\t\t\t\t\t\t\t\t\t<img loading=\"lazy\" decoding=\"async\" width=\"640\" height=\"427\" src=\"https:\/\/bettyphotographe.com\/wp-content\/uploads\/2024\/08\/IMG_7016-1024x683.jpg\" class=\"attachment-large size-large wp-image-694\" alt=\"\" srcset=\"https:\/\/bettyphotographe.com\/wp-content\/uploads\/2024\/08\/IMG_7016-1024x683.jpg 1024w, https:\/\/bettyphotographe.com\/wp-content\/uploads\/2024\/08\/IMG_7016-300x200.jpg 300w, https:\/\/bettyphotographe.com\/wp-content\/uploads\/2024\/08\/IMG_7016-768x512.jpg 768w, https:\/\/bettyphotographe.com\/wp-content\/uploads\/2024\/08\/IMG_7016-1536x1024.jpg 1536w, https:\/\/bettyphotographe.com\/wp-content\/uploads\/2024\/08\/IMG_7016-2048x1365.jpg 2048w\" sizes=\"(max-width: 640px) 100vw, 640px\" \/>\t\t\t\t\t\t\t\t\t\t\t\t\t<\/div>\n\t\t\t\t<\/div>\n\t\t\t\t<\/div>\n\t\t\t\t\t<\/div>\n\t\t\t\t<\/div>\n\t\t\t\t<\/div>\n\t\t","protected":false},"excerpt":{"rendered":"<p>Une journ\u00e9e unique pour vous ! La naissance de votre enfant a enfin eu lieu, ou approche \u00e0 grand pas&#8230;.<\/p>\n","protected":false},"author":1,"featured_media":0,"parent":0,"menu_order":0,"comment_status":"closed","ping_status":"closed","template":"","meta":{"footnotes":""},"class_list":["post-88","page","type-page","status-publish","hentry"],"_links":{"self":[{"href":"https:\/\/bettyphotographe.com\/index.php\/wp-json\/wp\/v2\/pages\/88","targetHints":{"allow":["GET"]}}],"collection":[{"href":"https:\/\/bettyphotographe.com\/index.php\/wp-json\/wp\/v2\/pages"}],"about":[{"href":"https:\/\/bettyphotographe.com\/index.php\/wp-json\/wp\/v2\/types\/page"}],"author":[{"embeddable":true,"href":"https:\/\/bettyphotographe.com\/index.php\/wp-json\/wp\/v2\/users\/1"}],"replies":[{"embeddable":true,"href":"https:\/\/bettyphotographe.com\/index.php\/wp-json\/wp\/v2\/comments?post=88"}],"version-history":[{"count":10,"href":"https:\/\/bettyphotographe.com\/index.php\/wp-json\/wp\/v2\/pages\/88\/revisions"}],"predecessor-version":[{"id":703,"href":"https:\/\/bettyphotographe.com\/index.php\/wp-json\/wp\/v2\/pages\/88\/revisions\/703"}],"wp:attachment":[{"href":"https:\/\/bettyphotographe.com\/index.php\/wp-json\/wp\/v2\/media?parent=88"}],"curies":[{"name":"wp","href":"https:\/\/api.w.org\/{rel}","templated":true}]}}